{"id":2,"date":"2014-05-07T09:00:39","date_gmt":"2014-05-07T07:00:39","guid":{"rendered":"http:\/\/www.doppelklicker.de\/blogtest\/?page_id=2"},"modified":"2020-10-13T10:01:51","modified_gmt":"2020-10-13T08:01:51","slug":"impressum","status":"publish","type":"page","link":"https:\/\/www.doppelklicker.de\/blog\/impressum\/","title":{"rendered":"Impressum"},"content":{"rendered":"<p><strong>Schwarzer.de Software + Internet GmbH<\/strong><br \/>\nJakob-Anstatt-Stra\u00dfe 2<br \/>\nD-55130 Mainz<br \/>\nVertreten durch den Gesch\u00e4ftsf\u00fchrer: Hans-J\u00fcrgen Schwarzer<\/p>\n<p>Telefon: 06131 \/ 36 80 51<br \/>\nTelefax: 06131 \/ 36 80 69<br \/>\nE-Mail: <a href=\"mailto:info@schwarzer.de\" rel=\"noopener\" target=\"_blank\">info@schwarzer.de<\/a><\/p>\n<p>Amtsgericht Mainz, HRB 4577<br \/>\nUmsatzsteuer-Identifikationsnummer: DE 813 536 574<\/p>\n<p><!--\nInhaltlich verantwortlich im Sinne des \u00a7 55 Abs. 2 Rundfunkstaatsvertrag: \nHans-J\u00fcrgen Schwarzer\nJakob-Anstatt-Stra\u00dfe 2\nD-55130 Mainz\n--><\/p>\n<p>Verantwortlich im Sinne des \u00a7 18 Abs. 1 und 2 Medienstaatsvertrag:<br \/>\nHans-J\u00fcrgen Schwarzer<br \/>\nJakob-Anstatt-Stra\u00dfe 2<br \/>\n55130 Mainz<\/p>\n<p><strong>Datenschutzbeauftragter:<\/strong><br \/>\n<strong>Christoph Heyn<br \/>\nH\u00f6henstra\u00dfe 2<br \/>\n67677 Enkenbach<br \/>\nDeutschland<\/strong><\/p>\n<p>Tel +49 6303 8789014<br \/>\nE-Mail: heyn.it@christoph.heyn<br \/>\nWebsite: www.heyn.it<\/p>\n<p><b>Urheber- und Schutzrechte<\/b><br \/>\nDie Inhalte unserer Webseiten, einschlie\u00dflich der Texte, Bilder, graphischen Darstellungen, Audio- und Videodateien sind &#8211; soweit dies nicht ausdr\u00fccklich anders vermerkt ist &#8211; unser Eigentum und d\u00fcrfen ohne unsere vorherige schriftliche Zustimmung nicht f\u00fcr \u00f6ffentliche oder gewerbliche Zwecke vervielf\u00e4ltigt, ver\u00e4ndert, \u00fcbertragen, wiederverwertet, neu bereitgestellt, verwertet oder auf sonstige Weise benutzt werden. Wir weisen darauf hin, dass eine Verletzung unserer Urheber- oder sonstigen Schutzrechte zivil- und\/oder strafrechtliche Konsequenzen nach sich ziehen kann.<\/p>\n<p><b>Rechtshinweise<\/b><br \/>\nAlle Angaben unseres Internetangebotes wurden sorgf\u00e4ltig gepr\u00fcft. Wir bem\u00fchen uns, dieses Informationsangebot stetig zu erweitern und zu aktualisieren. Eine Garantie f\u00fcr die Vollst\u00e4ndigkeit, Richtigkeit und letzte Aktualit\u00e4t kann jedoch nicht \u00fcbernommen werden.<\/p>\n<p>Gleiches gilt auch f\u00fcr alle anderen Webseiten, auf die mittels Hyperlink verwiesen wird. Wir erkl\u00e4ren hiermit, dass wir uns gem\u00e4\u00df Urteil 312 O 85\/98 zur Haftung f\u00fcr Links vom 12.Mai 1998 (Landgericht Hamburg) ausdr\u00fccklich von s\u00e4mtlichen Inhalten aller Links auf den folgenden Seiten distanzieren und uns diese Inhalte nicht zu Eigen machen. Der Verweis mittels Hyperlink stellt auch keine Empfehlung dieser Webseiten oder der sie betreibenden Unternehmen oder ihrer Produkte durch uns dar.<\/p>\n<p>Wir haben auch keinen Einfluss darauf, ob Dritte von ihrer Webseite zu unserer Webseite Links einrichten. Die Existenz solcher Links ist kein Hinweis auf eine Zusammenarbeit mit diesen Unternehmen oder eine Empfehlung Ihres Angebotes.<\/p>\n<p>Haftungsanspr\u00fcche, die durch die Nutzung unseres Internetangebotes verursacht werden, sind ausgeschlossen, sofern wir nicht vors\u00e4tzlich oder grob fahrl\u00e4ssig gehandelt haben. Desweiteren beh\u00e4lt sich die Schwarzer.de Software + Internet GmbH das Recht vor, \u00c4nderungen oder Erg\u00e4nzungen der bereitgestellten Informationen vorzunehmen.<\/p>\n<p>Inhalt und Struktur der Webseiten sind urheberrechtlich gesch\u00fctzt. Gegen eine Benutzung der auf unseren Webseiten enthaltenen Informationen zum pers\u00f6nlichen Gebrauch gibt es keine Einwendungen. Die Vervielf\u00e4ltigung von Informationen oder Daten, insbesondere die gewerbliche Verwendung von Texten, Textteilen oder Bildmaterial bedarf jedoch der vorherigen Zustimmung der Schwarzer.de Software + Internet GmbH.<\/p>\n<p><b>Hinweise zum Datenschutz<\/b><br \/>\nDa wir bei Internetnutzern zum Teil Unsicherheit und ein gewisses Misstrauen dar\u00fcber feststellen, ob mit pers\u00f6nlichen Daten fair und gesetzeskonform umgegangen wird, wollen wir Ihnen Hinweise geben, um Ihnen ein gutes Gef\u00fchl zu geben, was innerhalb der Schwarzer.de Software + Internet GmbH mit den anfallenden Daten geschieht und welche Ma\u00dfnahmen wir zur Sicherstellung des Datenschutzes ergriffen haben. Der Schutz Ihrer pers\u00f6nlichen Daten und deren vertrauliche Behandlung ist uns ein wichtiges Anliegen.<\/p>\n<p>Wir verwenden Ihre personenbezogenen Daten lediglich, um Ihre Anfrage zu beantworten, um Ihren Auftrag zu bearbeiten oder Ihnen den Zugang zu weiteren Informationen oder Angeboten zu erm\u00f6glichen. Um Ihren Anforderungen gerecht werden zu k\u00f6nnen, kann es notwendig werden, dass wir Ihre personenbezogenen Daten (Name, Vorname, Adresse etc.) speichern und verarbeiten. Hierbei folgen wir dem Grundsatz der Datensparsamkeit, indem wir nur die Daten erheben, speichern, verarbeiten und nutzen, die den angegebenen Zweck erf\u00fcllen. Bitte beachten Sie, dass nicht alle Angaben Pflichtangaben sind. Benutzerprofile erstellen wir selbstverst\u00e4ndlich nicht. Dar\u00fcber hinaus erheben wir Daten \u00fcber die Zahl der Besuche auf unseren Webseiten. Diese Informationen geben uns Aufschluss \u00fcber allgemeine Interessen und \u00fcber die Pr\u00e4ferenzen unserer Besucher. Diese Daten sind aber nicht personenbezogen, sondern nur statistischer Natur. Desweiteren erheben und speichern wir automatisch Informationen, die uns von Ihrem Browser \u00fcbermittelt werden, z.B. die IP-Adresse. Alle personenbezogenen Daten werden entsprechend den gesetzlichen Vorschriften behandelt.<\/p>\n<p>Wenn wir zur Durchf\u00fchrung der Leistungen, die Sie in Anspruch nehmen m\u00f6chten, Unterauftraggeber oder Erf\u00fcllungsgehilfen einsetzen, die diese Daten ben\u00f6tigen, \u00fcbermitteln wir die Daten im erforderlichen Umfang. In diesem Fall verpflichten wir unsere Partner, die Daten entsprechend den gesetzlichen Bestimmungen vertraulich zu behandeln und unverz\u00fcglich zu l\u00f6schen, sobald sie nicht mehr ben\u00f6tigt werden. Bitte haben Sie jedoch Verst\u00e4ndnis daf\u00fcr, dass wir die Einhaltung dieser Verpflichtung nicht umfassend \u00fcberwachen k\u00f6nnen, so dass wir f\u00fcr eventuelle Verst\u00f6\u00dfe keine Haftung \u00fcbernehmen. Dar\u00fcber hinaus gibt die Schwarzer.de Software + Internet GmbH gesammelte Daten nicht an Dritte weiter, insbesondere werden diese nicht verkauft, vermietet oder eingetauscht.<\/p>\n<p>S\u00e4mtliche Daten werden jeweils getrennt gespeichert bzw. verarbeitet und zu keinem Zeitpunkt zusammengef\u00fchrt. Die Schwarzer.de Software + Internet GmbH erstellt keine Nutzerprofile. Personenbezogene Daten werden maximal 6 Monate oder bis zur Erf\u00fcllung der von Ihnen gew\u00fcnschten Leistung gespeichert. Sie haben selbstverst\u00e4ndlich jederzeit die M\u00f6glichkeit, die L\u00f6schung Ihrer Daten insgesamt oder teilweise zu verlangen. Diesem Wunsch werden wir unverz\u00fcglich nachkommen.<\/p>\n<p>Kinder sollten ohne Zustimmung der Eltern oder der Aufsichtsperson keine personenbezogenen Daten an die Webseiten der Schwarzer.de Software + Internet GmbH \u00fcbermitteln. Die Schwarzer.de Software + Internet GmbH legt allen Eltern und Aufsichtspersonen nahe, ihre Kinder in den sicheren und verantwortungsbewussten Umgang mit personenbezogenen Daten im Internet einzuweisen. Die Schwarzer.de Software + Internet GmbH wird jedenfalls nicht wissentlich personenbezogene Daten von Kindern sammeln oder in irgendeiner Weise verwenden oder Dritten gegen\u00fcber unberechtigt offenlegen.<\/p>\n<p><b>Sicherheit<\/b><br \/>\nDie Schwarzer.de Software + Internet GmbH trifft technische und organisatorische Vorkehrungen, um die Sicherheit ihrer personenbezogenen Daten zu gew\u00e4hrleisten. Ihre Daten werden gewissenhaft vor Verlust, Verf\u00e4lschung, Manipulation oder unberechtigtem Zugriff bzw. Offenlegung gesch\u00fctzt. Unsere Sicherheitsma\u00dfnahmen werden entsprechend der technologischen Entwicklung im Internet fortlaufen verbessert.<\/p>\n<p>F\u00fcr die \u00dcbertragung personenbezogener Daten setzt die Schwarzer.de Software + Internet GmbH die SSL-Verschl\u00fcsselung (Secure Socket Layer) ein. SSL eignet sich besonders f\u00fcr eine sichere Verbindung von einem Punkt zum anderen. Eine SSL-Verschl\u00fcsselung von 128 Bit ist nach heutigem Stand der Technik sicher.<\/p>\n<p>Auf den Webseiten der Schwarzer.de Software + Internet GmbH werden teilweise Cookies verwendet. Der Einsatz von Cookies tr\u00e4gt zur effektiven Nutzung der Websites bei. Ein Cookie (Keks) besteht aus Informationen, die von unseren Webseiten an den Browser des Besuchers geschickt werden, um sie auf seinem System zu speichern. Das Cookie wird lediglich zur Wiedererkennung des Besuchers verwendet. Es besteht die M\u00f6glichkeit den eingesetzten Browser so einzustellen, dass beim Erhalt eines Cookies, der Benutzer hiervon in Kenntnis gesetzt wird. Er kann dann selbst entscheiden, ob er das Cookie akzeptiert oder nicht.<\/p>\n<p><b>Auskunftsrecht<\/b><br \/>\nAuf Anforderung teilen wir Ihnen schriftlich entsprechend dem geltenden Recht mit, ob und welche personenbezogenen Daten \u00fcber Ihre Person bei uns gespeichert sind. Unser Verfahrensverzeichnis, das die Angaben nach \u00a7 4e des Bundesdatenschutzgesetzes enth\u00e4lt, stellen wir Ihnen gerne auf Anfrage zur Verf\u00fcgung.<\/p>\n<p><b>Technische Hinweise<\/b><br \/>\nBei der Entwicklung der Webseiten der Schwarzer.de Software + Internet GmbH wurde darauf geachtet, dass m\u00f6glichst als allgemeiner Standard etablierte Techniken eingesetzt und die Seiten von allen g\u00e4ngigen Browsern fehlerfrei dargestellt werden. Bitte aktivieren Sie &#8222;JavaScript&#8220; in Ihrem Browser, damit die Seiten fehlerlos geladen werden k\u00f6nnen.<\/p>\n","protected":false},"excerpt":{"rendered":"<p>Schwarzer.de Software + Internet GmbH Jakob-Anstatt-Stra\u00dfe 2 D-55130 Mainz Vertreten durch den Gesch\u00e4ftsf\u00fchrer: Hans-J\u00fcrgen Schwarzer Telefon: 06131 \/ 36 80 51 Telefax: 06131 \/ 36 80 69 E-Mail: info@schwarzer.de Amtsgericht Mainz, HRB 4577 Umsatzsteuer-Identifikationsnummer: DE 813 536 574 Verantwortlich im Sinne des \u00a7 18 Abs. 1 und 2 Medienstaatsvertrag: Hans-J\u00fcrgen Schwarzer Jakob-Anstatt-Stra\u00dfe 2 55130 Mainz<\/p>\n<div class=\"read-more\"><a href=\"https:\/\/www.doppelklicker.de\/blog\/impressum\/\" title=\"Jetzt alles lesen\">Jetzt alles lesen<\/a><\/div>\n","protected":false},"author":1,"featured_media":0,"parent":0,"menu_order":0,"comment_status":"open","ping_status":"open","template":"","meta":[],"yoast_head":"<!-- This site is optimized with the Yoast SEO plugin v18.2 - https:\/\/yoast.com\/wordpress\/plugins\/seo\/ -->\n<meta name=\"robots\" content=\"index, follow, max-snippet:-1, max-image-preview:large, max-video-preview:-1\" \/>\n<link rel=\"canonical\" href=\"https:\/\/www.doppelklicker.de\/blog\/impressum\/\" \/>\n<meta property=\"og:locale\" content=\"de_DE\" \/>\n<meta property=\"og:type\" content=\"article\" \/>\n<meta property=\"og:title\" content=\"Impressum\" \/>\n<meta property=\"og:description\" content=\"Schwarzer.de Software + Internet GmbH Jakob-Anstatt-Stra\u00dfe 2 D-55130 Mainz Vertreten durch den Gesch\u00e4ftsf\u00fchrer: Hans-J\u00fcrgen Schwarzer Telefon: 06131 \/ 36 80 51 Telefax: 06131 \/ 36 80 69 E-Mail: info@schwarzer.de Amtsgericht Mainz, HRB 4577 Umsatzsteuer-Identifikationsnummer: DE 813 536 574 Verantwortlich im Sinne des \u00a7 18 Abs. 1 und 2 Medienstaatsvertrag: Hans-J\u00fcrgen Schwarzer Jakob-Anstatt-Stra\u00dfe 2 55130 MainzJetzt alles lesen\" \/>\n<meta property=\"og:url\" content=\"https:\/\/www.doppelklicker.de\/blog\/impressum\/\" \/>\n<meta property=\"og:site_name\" content=\"Aus Mainz.\" \/>\n<meta property=\"article:modified_time\" content=\"2020-10-13T08:01:51+00:00\" \/>\n<meta name=\"twitter:card\" content=\"summary_large_image\" \/>\n<meta name=\"twitter:label1\" content=\"Gesch\u00e4tzte Lesezeit\" \/>\n\t<meta name=\"twitter:data1\" content=\"6 Minuten\" \/>\n<script type=\"application\/ld+json\" class=\"yoast-schema-graph\">{\"@context\":\"https:\/\/schema.org\",\"@graph\":[{\"@type\":\"WebSite\",\"@id\":\"https:\/\/www.doppelklicker.de\/blog\/#website\",\"url\":\"https:\/\/www.doppelklicker.de\/blog\/\",\"name\":\"Aus Mainz.\",\"description\":\"F\u00fcr die Welt.\",\"potentialAction\":[{\"@type\":\"SearchAction\",\"target\":{\"@type\":\"EntryPoint\",\"urlTemplate\":\"https:\/\/www.doppelklicker.de\/blog\/?s={search_term_string}\"},\"query-input\":\"required name=search_term_string\"}],\"inLanguage\":\"de-DE\"},{\"@type\":\"WebPage\",\"@id\":\"https:\/\/www.doppelklicker.de\/blog\/impressum\/#webpage\",\"url\":\"https:\/\/www.doppelklicker.de\/blog\/impressum\/\",\"name\":\"Impressum\",\"isPartOf\":{\"@id\":\"https:\/\/www.doppelklicker.de\/blog\/#website\"},\"datePublished\":\"2014-05-07T07:00:39+00:00\",\"dateModified\":\"2020-10-13T08:01:51+00:00\",\"breadcrumb\":{\"@id\":\"https:\/\/www.doppelklicker.de\/blog\/impressum\/#breadcrumb\"},\"inLanguage\":\"de-DE\",\"potentialAction\":[{\"@type\":\"ReadAction\",\"target\":[\"https:\/\/www.doppelklicker.de\/blog\/impressum\/\"]}]},{\"@type\":\"BreadcrumbList\",\"@id\":\"https:\/\/www.doppelklicker.de\/blog\/impressum\/#breadcrumb\",\"itemListElement\":[{\"@type\":\"ListItem\",\"position\":1,\"name\":\"Startseite\",\"item\":\"https:\/\/www.doppelklicker.de\/blog\/\"},{\"@type\":\"ListItem\",\"position\":2,\"name\":\"Impressum\"}]}]}<\/script>\n<!-- \/ Yoast SEO plugin. -->","yoast_head_json":{"robots":{"index":"index","follow":"follow","max-snippet":"max-snippet:-1","max-image-preview":"max-image-preview:large","max-video-preview":"max-video-preview:-1"},"canonical":"https:\/\/www.doppelklicker.de\/blog\/impressum\/","og_locale":"de_DE","og_type":"article","og_title":"Impressum","og_description":"Schwarzer.de Software + Internet GmbH Jakob-Anstatt-Stra\u00dfe 2 D-55130 Mainz Vertreten durch den Gesch\u00e4ftsf\u00fchrer: Hans-J\u00fcrgen Schwarzer Telefon: 06131 \/ 36 80 51 Telefax: 06131 \/ 36 80 69 E-Mail: info@schwarzer.de Amtsgericht Mainz, HRB 4577 Umsatzsteuer-Identifikationsnummer: DE 813 536 574 Verantwortlich im Sinne des \u00a7 18 Abs. 1 und 2 Medienstaatsvertrag: Hans-J\u00fcrgen Schwarzer Jakob-Anstatt-Stra\u00dfe 2 55130 MainzJetzt alles lesen","og_url":"https:\/\/www.doppelklicker.de\/blog\/impressum\/","og_site_name":"Aus Mainz.","article_modified_time":"2020-10-13T08:01:51+00:00","twitter_card":"summary_large_image","twitter_misc":{"Gesch\u00e4tzte Lesezeit":"6 Minuten"},"schema":{"@context":"https:\/\/schema.org","@graph":[{"@type":"WebSite","@id":"https:\/\/www.doppelklicker.de\/blog\/#website","url":"https:\/\/www.doppelklicker.de\/blog\/","name":"Aus Mainz.","description":"F\u00fcr die Welt.","potentialAction":[{"@type":"SearchAction","target":{"@type":"EntryPoint","urlTemplate":"https:\/\/www.doppelklicker.de\/blog\/?s={search_term_string}"},"query-input":"required name=search_term_string"}],"inLanguage":"de-DE"},{"@type":"WebPage","@id":"https:\/\/www.doppelklicker.de\/blog\/impressum\/#webpage","url":"https:\/\/www.doppelklicker.de\/blog\/impressum\/","name":"Impressum","isPartOf":{"@id":"https:\/\/www.doppelklicker.de\/blog\/#website"},"datePublished":"2014-05-07T07:00:39+00:00","dateModified":"2020-10-13T08:01:51+00:00","breadcrumb":{"@id":"https:\/\/www.doppelklicker.de\/blog\/impressum\/#breadcrumb"},"inLanguage":"de-DE","potentialAction":[{"@type":"ReadAction","target":["https:\/\/www.doppelklicker.de\/blog\/impressum\/"]}]},{"@type":"BreadcrumbList","@id":"https:\/\/www.doppelklicker.de\/blog\/impressum\/#breadcrumb","itemListElement":[{"@type":"ListItem","position":1,"name":"Startseite","item":"https:\/\/www.doppelklicker.de\/blog\/"},{"@type":"ListItem","position":2,"name":"Impressum"}]}]}},"_links":{"self":[{"href":"https:\/\/www.doppelklicker.de\/blog\/wp-json\/wp\/v2\/pages\/2"}],"collection":[{"href":"https:\/\/www.doppelklicker.de\/blog\/wp-json\/wp\/v2\/pages"}],"about":[{"href":"https:\/\/www.doppelklicker.de\/blog\/wp-json\/wp\/v2\/types\/page"}],"author":[{"embeddable":true,"href":"https:\/\/www.doppelklicker.de\/blog\/wp-json\/wp\/v2\/users\/1"}],"replies":[{"embeddable":true,"href":"https:\/\/www.doppelklicker.de\/blog\/wp-json\/wp\/v2\/comments?post=2"}],"version-history":[{"count":6,"href":"https:\/\/www.doppelklicker.de\/blog\/wp-json\/wp\/v2\/pages\/2\/revisions"}],"predecessor-version":[{"id":4831,"href":"https:\/\/www.doppelklicker.de\/blog\/wp-json\/wp\/v2\/pages\/2\/revisions\/4831"}],"wp:attachment":[{"href":"https:\/\/www.doppelklicker.de\/blog\/wp-json\/wp\/v2\/media?parent=2"}],"curies":[{"name":"wp","href":"https:\/\/api.w.org\/{rel}","templated":true}]}}