{"id":4759,"date":"2020-03-11T17:12:20","date_gmt":"2020-03-11T15:12:20","guid":{"rendered":"http:\/\/www.doppelklicker.de\/blog\/?page_id=4759"},"modified":"2020-03-11T17:13:23","modified_gmt":"2020-03-11T15:13:23","slug":"media","status":"publish","type":"page","link":"https:\/\/www.doppelklicker.de\/blog\/media\/","title":{"rendered":"Media"},"content":{"rendered":"<h2>Media: Content-Marketing und Leads generieren mit doppelklicker.de<\/h2>\n<p><strong>doppelklicker.de<\/strong> ist ihre ideale Plattform f\u00fcr das Generieren von Leads in Ihrem Spezialgebiet! Wie die optimale Umsetzung Ihrer Kommunikationskampagne aussehen kann, stellt Ihnen gerne Rebecca Liebig (Mail: <a href='mailto:media@schwarzer.de'>media@schwarzer.de<\/a>) vor.<\/p>\n<p>Vielleicht sind Sie \u00fcber ein Google-Suchergebnis auf unsere Seite gelangt? und m\u00f6chten mehr \u00fcber dieses Online-Magazin wissen?<\/p>\n<p>Wir sind auf Online-Marketing spezialisiert und bringen auch Ihr Produkt auf doppelklicker.de auf einen wirklich relevanten Platz bei Google. Wir zeigen Ihnen gerne, wie auch Sie mit Ihrem Produkt f\u00fcr Ihre Fachbranche ganz vorne landen k\u00f6nnen ? in jedem Fall vor Ihrem Wettbewerber. Sie m\u00f6chten mehr wissen? Dann sprechen Sie uns einfach an.<\/p>\n<p>Schreiben Sie einfach eine kurze Nachricht an <a href='mailto:media@schwarzer.de'>Rebecca Liebig<\/a>, und lassen Sie uns wissen, wie wir Sie am besten erreichen k\u00f6nnen.<\/p>\n<p>Falls Sie nach einem Anbieter f\u00fcr klassische SEO-Dienste suchen, m\u00fcssen wir Sie leider entt\u00e4uschen. Ihre Webseite bringen wir nicht nach vorne. Stattdessen platzieren wir Ihr Produkt genau dort, wo Ihre zuk\u00fcnftigen Kunden nach L\u00f6sungen suchen: auf der ersten Google-Seite. Und dort nat\u00fcrlich im generischen Suchergebnis.<\/p>\n<p>Neugierig? Mehr zu unserem einmaligen Service und den M\u00f6glichkeiten, Ihrer Web-Pr\u00e4senz mit Content-Marketing den verdienten Push zu verpassen, erfahren Sie mit einer kurzen Anfrage an <a href='mailto:media@schwarzer.de'>Rebecca Liebig<\/a>. <\/p>\n","protected":false},"excerpt":{"rendered":"<p>Media: Content-Marketing und Leads generieren mit doppelklicker.de doppelklicker.de ist ihre ideale Plattform f\u00fcr das Generieren von Leads in Ihrem Spezialgebiet! Wie die optimale Umsetzung Ihrer Kommunikationskampagne aussehen kann, stellt Ihnen gerne Rebecca Liebig (Mail: media@schwarzer.de) vor. Vielleicht sind Sie \u00fcber ein Google-Suchergebnis auf unsere Seite gelangt? und m\u00f6chten mehr \u00fcber dieses Online-Magazin wissen? Wir sind<\/p>\n<div class=\"read-more\"><a href=\"https:\/\/www.doppelklicker.de\/blog\/media\/\" title=\"Jetzt alles lesen\">Jetzt alles lesen<\/a><\/div>\n","protected":false},"author":1,"featured_media":0,"parent":0,"menu_order":0,"comment_status":"closed","ping_status":"closed","template":"","meta":[],"yoast_head":"<!-- This site is optimized with the Yoast SEO plugin v18.2 - https:\/\/yoast.com\/wordpress\/plugins\/seo\/ -->\n<meta name=\"robots\" content=\"index, follow, max-snippet:-1, max-image-preview:large, max-video-preview:-1\" \/>\n<link rel=\"canonical\" href=\"https:\/\/www.doppelklicker.de\/blog\/media\/\" \/>\n<meta property=\"og:locale\" content=\"de_DE\" \/>\n<meta property=\"og:type\" content=\"article\" \/>\n<meta property=\"og:title\" content=\"Media\" \/>\n<meta property=\"og:description\" content=\"Media: Content-Marketing und Leads generieren mit doppelklicker.de doppelklicker.de ist ihre ideale Plattform f\u00fcr das Generieren von Leads in Ihrem Spezialgebiet! Wie die optimale Umsetzung Ihrer Kommunikationskampagne aussehen kann, stellt Ihnen gerne Rebecca Liebig (Mail: media@schwarzer.de) vor. Vielleicht sind Sie \u00fcber ein Google-Suchergebnis auf unsere Seite gelangt? und m\u00f6chten mehr \u00fcber dieses Online-Magazin wissen? Wir sindJetzt alles lesen\" \/>\n<meta property=\"og:url\" content=\"https:\/\/www.doppelklicker.de\/blog\/media\/\" \/>\n<meta property=\"og:site_name\" content=\"Aus Mainz.\" \/>\n<meta property=\"article:modified_time\" content=\"2020-03-11T15:13:23+00:00\" \/>\n<meta name=\"twitter:card\" content=\"summary_large_image\" \/>\n<meta name=\"twitter:label1\" content=\"Gesch\u00e4tzte Lesezeit\" \/>\n\t<meta name=\"twitter:data1\" content=\"1 Minute\" \/>\n<script type=\"application\/ld+json\" class=\"yoast-schema-graph\">{\"@context\":\"https:\/\/schema.org\",\"@graph\":[{\"@type\":\"WebSite\",\"@id\":\"https:\/\/www.doppelklicker.de\/blog\/#website\",\"url\":\"https:\/\/www.doppelklicker.de\/blog\/\",\"name\":\"Aus Mainz.\",\"description\":\"F\u00fcr die Welt.\",\"potentialAction\":[{\"@type\":\"SearchAction\",\"target\":{\"@type\":\"EntryPoint\",\"urlTemplate\":\"https:\/\/www.doppelklicker.de\/blog\/?s={search_term_string}\"},\"query-input\":\"required name=search_term_string\"}],\"inLanguage\":\"de-DE\"},{\"@type\":\"WebPage\",\"@id\":\"https:\/\/www.doppelklicker.de\/blog\/media\/#webpage\",\"url\":\"https:\/\/www.doppelklicker.de\/blog\/media\/\",\"name\":\"Media\",\"isPartOf\":{\"@id\":\"https:\/\/www.doppelklicker.de\/blog\/#website\"},\"datePublished\":\"2020-03-11T15:12:20+00:00\",\"dateModified\":\"2020-03-11T15:13:23+00:00\",\"breadcrumb\":{\"@id\":\"https:\/\/www.doppelklicker.de\/blog\/media\/#breadcrumb\"},\"inLanguage\":\"de-DE\",\"potentialAction\":[{\"@type\":\"ReadAction\",\"target\":[\"https:\/\/www.doppelklicker.de\/blog\/media\/\"]}]},{\"@type\":\"BreadcrumbList\",\"@id\":\"https:\/\/www.doppelklicker.de\/blog\/media\/#breadcrumb\",\"itemListElement\":[{\"@type\":\"ListItem\",\"position\":1,\"name\":\"Startseite\",\"item\":\"https:\/\/www.doppelklicker.de\/blog\/\"},{\"@type\":\"ListItem\",\"position\":2,\"name\":\"Media\"}]}]}<\/script>\n<!-- \/ Yoast SEO plugin. -->","yoast_head_json":{"robots":{"index":"index","follow":"follow","max-snippet":"max-snippet:-1","max-image-preview":"max-image-preview:large","max-video-preview":"max-video-preview:-1"},"canonical":"https:\/\/www.doppelklicker.de\/blog\/media\/","og_locale":"de_DE","og_type":"article","og_title":"Media","og_description":"Media: Content-Marketing und Leads generieren mit doppelklicker.de doppelklicker.de ist ihre ideale Plattform f\u00fcr das Generieren von Leads in Ihrem Spezialgebiet! Wie die optimale Umsetzung Ihrer Kommunikationskampagne aussehen kann, stellt Ihnen gerne Rebecca Liebig (Mail: media@schwarzer.de) vor. Vielleicht sind Sie \u00fcber ein Google-Suchergebnis auf unsere Seite gelangt? und m\u00f6chten mehr \u00fcber dieses Online-Magazin wissen? Wir sindJetzt alles lesen","og_url":"https:\/\/www.doppelklicker.de\/blog\/media\/","og_site_name":"Aus Mainz.","article_modified_time":"2020-03-11T15:13:23+00:00","twitter_card":"summary_large_image","twitter_misc":{"Gesch\u00e4tzte Lesezeit":"1 Minute"},"schema":{"@context":"https:\/\/schema.org","@graph":[{"@type":"WebSite","@id":"https:\/\/www.doppelklicker.de\/blog\/#website","url":"https:\/\/www.doppelklicker.de\/blog\/","name":"Aus Mainz.","description":"F\u00fcr die Welt.","potentialAction":[{"@type":"SearchAction","target":{"@type":"EntryPoint","urlTemplate":"https:\/\/www.doppelklicker.de\/blog\/?s={search_term_string}"},"query-input":"required name=search_term_string"}],"inLanguage":"de-DE"},{"@type":"WebPage","@id":"https:\/\/www.doppelklicker.de\/blog\/media\/#webpage","url":"https:\/\/www.doppelklicker.de\/blog\/media\/","name":"Media","isPartOf":{"@id":"https:\/\/www.doppelklicker.de\/blog\/#website"},"datePublished":"2020-03-11T15:12:20+00:00","dateModified":"2020-03-11T15:13:23+00:00","breadcrumb":{"@id":"https:\/\/www.doppelklicker.de\/blog\/media\/#breadcrumb"},"inLanguage":"de-DE","potentialAction":[{"@type":"ReadAction","target":["https:\/\/www.doppelklicker.de\/blog\/media\/"]}]},{"@type":"BreadcrumbList","@id":"https:\/\/www.doppelklicker.de\/blog\/media\/#breadcrumb","itemListElement":[{"@type":"ListItem","position":1,"name":"Startseite","item":"https:\/\/www.doppelklicker.de\/blog\/"},{"@type":"ListItem","position":2,"name":"Media"}]}]}},"_links":{"self":[{"href":"https:\/\/www.doppelklicker.de\/blog\/wp-json\/wp\/v2\/pages\/4759"}],"collection":[{"href":"https:\/\/www.doppelklicker.de\/blog\/wp-json\/wp\/v2\/pages"}],"about":[{"href":"https:\/\/www.doppelklicker.de\/blog\/wp-json\/wp\/v2\/types\/page"}],"author":[{"embeddable":true,"href":"https:\/\/www.doppelklicker.de\/blog\/wp-json\/wp\/v2\/users\/1"}],"replies":[{"embeddable":true,"href":"https:\/\/www.doppelklicker.de\/blog\/wp-json\/wp\/v2\/comments?post=4759"}],"version-history":[{"count":2,"href":"https:\/\/www.doppelklicker.de\/blog\/wp-json\/wp\/v2\/pages\/4759\/revisions"}],"predecessor-version":[{"id":4764,"href":"https:\/\/www.doppelklicker.de\/blog\/wp-json\/wp\/v2\/pages\/4759\/revisions\/4764"}],"wp:attachment":[{"href":"https:\/\/www.doppelklicker.de\/blog\/wp-json\/wp\/v2\/media?parent=4759"}],"curies":[{"name":"wp","href":"https:\/\/api.w.org\/{rel}","templated":true}]}}