{"id":4761,"date":"2020-03-11T17:12:30","date_gmt":"2020-03-11T15:12:30","guid":{"rendered":"http:\/\/www.doppelklicker.de\/blog\/?page_id=4761"},"modified":"2020-03-11T17:12:55","modified_gmt":"2020-03-11T15:12:55","slug":"presse","status":"publish","type":"page","link":"https:\/\/www.doppelklicker.de\/blog\/presse\/","title":{"rendered":"Presse"},"content":{"rendered":"<h2>Pressemitteilung einreichen f\u00fcr doppelklicker.de<\/h2>\n<p>M\u00f6chten Sie eine Pressemitteilungen einreichen oder redaktionelle Beitr\u00e4ge absprechen? Dann wenden Sie sich bitte an\t<\/p>\n<p><strong>Marius Beilhammer<\/strong>: <a href='mailto:presse@schwarzer.de'>presse@schwarzer.de<\/a>.\t<\/p>\n<h3>Zusendungen per Post<\/h3>\n<p>Bitte richten Sie Ihre Zuschriften an die folgende Adresse:\t<\/p>\n<p>Marius Beilhammer<br \/>\nRedakteur<br \/>\n<strong>Schwarzer.de Software + Internet GmbH<br \/>\nJakob-Anstatt-Stra\u00dfe 2<br \/>\n55130 Mainz<\/strong><br \/>\nDeutschland\t<\/p>\n<h3>Richtlinien f\u00fcr Pressemitteilungen f\u00fcr <\/h3>\n<p>Wir m\u00f6chten unseren Lesern stets brandaktuelle Informationen zu neuen und vor allem innovativen Produkten, Diensten und Systemen liefern. Wenn Sie unseren Lesern Ihre neuen Produkte pr\u00e4sentieren m\u00f6chten, senden Sie unserer Redaktion bitte eine Pressemitteilung mit vollst\u00e4ndigen und relevanten Produktdetails zu.\t<\/p>\n<p>Uns erreichen jede Woche sehr viele Pressemitteilungen. Leider k\u00f6nnen wir nur eine geringe Auswahl daraus redaktionell verwerten und ver\u00f6ffentlichen. Ihre Pressmitteilungen hat gute Chancen f\u00fcr eine Ver\u00f6ffentlichung, wenn sie den hier genannten Anforderungen gen\u00fcgt:\t<\/p>\n<ol>\n<li><strong>Neue Produkte<\/strong>\n<p>Bitte versehen Sie Ihre Pressemitteilung mit dem <strong>Datum<\/strong>. Wir berichten \u00fcber neue Produkte, die im deutschsprachigen Raum ( D-A-CH ) verf\u00fcgbar sind.<\/li>\n<li><strong>Sprache und Mindestumfang<\/strong>\n<p>Ihre Pressemitteilung in deutscher Sprache sollte einen Umfang von wenigstens 4.000 Zeichen einschlie\u00dflich Leerzeichen aufweisen.<\/li>\n<li><strong>Vollst\u00e4ndige Informationen<\/strong>\n<p>Zus\u00e4tzlich zu den Produkteigenschaften sollte Ihre Pressemitteilung Angaben zu den technischen Details und zu den Anwendungsgebieten beinhalten.<\/li>\n<li><strong>PDF-Datei per E-Mail<\/strong>\n<p>Bitte versenden Sie Pressemitteilungen vorzugsweise auf elektronischem Weg als PDF-Datei.<\/li>\n<li><strong>Fotos, Infografiken &#038; Illustrationen<\/strong>\n<p>Bis zu drei Produktfotos senden Sie bitte als separate und hochaufgel\u00f6ste JPG-Datei mit mindestens 1.000 Pixeln Breite und H\u00f6he. Die Dateigr\u00f6\u00dfe einer Bilddatei darf 4 MB nicht \u00fcberschreiten. Vermerken Sie in der Pressemitteilung zum Dateinamen bitte stets den Urheberrechtshinweis sowie eine aussagekr\u00e4ftige Bildunterschrift. Gerne k\u00f6nnen Sie alternativ auch einen Link zu dem Foto einf\u00fcgen. Ihre Pressemitteilung darf nicht gegen Rechte Dritter versto\u00dfen. Dies schlie\u00dft Text- wie Bildrechte ein.<\/li>\n<li><strong>Kontaktdaten<\/strong>\n<p>Erg\u00e4nzen Sie die Pressemitteilung stets um den Firmennamen mit vollst\u00e4ndiger Adresse des Firmensitzes. Bitte nennen Sie auch Kontaktdaten Ihrer Presse- bzw. Marketing-Verantwortlichen mit Rufnummern und E-Mail-Adressen.<\/li>\n<li><strong>Leads: Weiterleitung von Anfragen<\/strong>\n<p>W\u00fcnschen Sie die Weiterleitung von Leseranfragen zur ver\u00f6ffentlichten Produktmeldung an eine Person in Ihrem Hause, so teilen Sie uns bitte die E-Mail-Adresse der betreffenden Person mit.<\/li>\n<li><strong>Frequenz<\/strong>\n<p>Jedes Produkt kann nur einmal ver\u00f6ffentlicht werden. Wir behalten uns vor, Pressetexte ohne Angabe von Gr\u00fcnden nicht zu ver\u00f6ffentlichen.<\/li>\n<\/ol>\n<p>Alle Daten, die Sie uns so \u00fcbermitteln, werden ausschlie\u00dflich f\u00fcr die Bearbeitung Ihrer bereitgestellten Pressemitteilung verwendet. Die Daten werden nicht an Dritte weitergegeben. Die Daten werden nur f\u00fcr die Zeitdauer der Bearbeitung Ihrer Pressemitteilung bei uns gespeichert.\t<\/p>\n<p>Vielen Dank\t<\/p>\n","protected":false},"excerpt":{"rendered":"<p>Pressemitteilung einreichen f\u00fcr doppelklicker.de M\u00f6chten Sie eine Pressemitteilungen einreichen oder redaktionelle Beitr\u00e4ge absprechen? Dann wenden Sie sich bitte an Marius Beilhammer: presse@schwarzer.de. Zusendungen per Post Bitte richten Sie Ihre Zuschriften an die folgende Adresse: Marius Beilhammer Redakteur Schwarzer.de Software + Internet GmbH Jakob-Anstatt-Stra\u00dfe 2 55130 Mainz Deutschland Richtlinien f\u00fcr Pressemitteilungen f\u00fcr Wir m\u00f6chten unseren Lesern<\/p>\n<div class=\"read-more\"><a href=\"https:\/\/www.doppelklicker.de\/blog\/presse\/\" title=\"Jetzt alles lesen\">Jetzt alles lesen<\/a><\/div>\n","protected":false},"author":1,"featured_media":0,"parent":0,"menu_order":0,"comment_status":"closed","ping_status":"closed","template":"","meta":[],"yoast_head":"<!-- This site is optimized with the Yoast SEO plugin v18.2 - https:\/\/yoast.com\/wordpress\/plugins\/seo\/ -->\n<meta name=\"robots\" content=\"index, follow, max-snippet:-1, max-image-preview:large, max-video-preview:-1\" \/>\n<link rel=\"canonical\" href=\"https:\/\/www.doppelklicker.de\/blog\/presse\/\" \/>\n<meta property=\"og:locale\" content=\"de_DE\" \/>\n<meta property=\"og:type\" content=\"article\" \/>\n<meta property=\"og:title\" content=\"Presse\" \/>\n<meta property=\"og:description\" content=\"Pressemitteilung einreichen f\u00fcr doppelklicker.de M\u00f6chten Sie eine Pressemitteilungen einreichen oder redaktionelle Beitr\u00e4ge absprechen? Dann wenden Sie sich bitte an Marius Beilhammer: presse@schwarzer.de. Zusendungen per Post Bitte richten Sie Ihre Zuschriften an die folgende Adresse: Marius Beilhammer Redakteur Schwarzer.de Software + Internet GmbH Jakob-Anstatt-Stra\u00dfe 2 55130 Mainz Deutschland Richtlinien f\u00fcr Pressemitteilungen f\u00fcr Wir m\u00f6chten unseren LesernJetzt alles lesen\" \/>\n<meta property=\"og:url\" content=\"https:\/\/www.doppelklicker.de\/blog\/presse\/\" \/>\n<meta property=\"og:site_name\" content=\"Aus Mainz.\" \/>\n<meta property=\"article:modified_time\" content=\"2020-03-11T15:12:55+00:00\" \/>\n<meta name=\"twitter:card\" content=\"summary_large_image\" \/>\n<meta name=\"twitter:label1\" content=\"Gesch\u00e4tzte Lesezeit\" \/>\n\t<meta name=\"twitter:data1\" content=\"2 Minuten\" \/>\n<script type=\"application\/ld+json\" class=\"yoast-schema-graph\">{\"@context\":\"https:\/\/schema.org\",\"@graph\":[{\"@type\":\"WebSite\",\"@id\":\"https:\/\/www.doppelklicker.de\/blog\/#website\",\"url\":\"https:\/\/www.doppelklicker.de\/blog\/\",\"name\":\"Aus Mainz.\",\"description\":\"F\u00fcr die Welt.\",\"potentialAction\":[{\"@type\":\"SearchAction\",\"target\":{\"@type\":\"EntryPoint\",\"urlTemplate\":\"https:\/\/www.doppelklicker.de\/blog\/?s={search_term_string}\"},\"query-input\":\"required name=search_term_string\"}],\"inLanguage\":\"de-DE\"},{\"@type\":\"WebPage\",\"@id\":\"https:\/\/www.doppelklicker.de\/blog\/presse\/#webpage\",\"url\":\"https:\/\/www.doppelklicker.de\/blog\/presse\/\",\"name\":\"Presse\",\"isPartOf\":{\"@id\":\"https:\/\/www.doppelklicker.de\/blog\/#website\"},\"datePublished\":\"2020-03-11T15:12:30+00:00\",\"dateModified\":\"2020-03-11T15:12:55+00:00\",\"breadcrumb\":{\"@id\":\"https:\/\/www.doppelklicker.de\/blog\/presse\/#breadcrumb\"},\"inLanguage\":\"de-DE\",\"potentialAction\":[{\"@type\":\"ReadAction\",\"target\":[\"https:\/\/www.doppelklicker.de\/blog\/presse\/\"]}]},{\"@type\":\"BreadcrumbList\",\"@id\":\"https:\/\/www.doppelklicker.de\/blog\/presse\/#breadcrumb\",\"itemListElement\":[{\"@type\":\"ListItem\",\"position\":1,\"name\":\"Startseite\",\"item\":\"https:\/\/www.doppelklicker.de\/blog\/\"},{\"@type\":\"ListItem\",\"position\":2,\"name\":\"Presse\"}]}]}<\/script>\n<!-- \/ Yoast SEO plugin. -->","yoast_head_json":{"robots":{"index":"index","follow":"follow","max-snippet":"max-snippet:-1","max-image-preview":"max-image-preview:large","max-video-preview":"max-video-preview:-1"},"canonical":"https:\/\/www.doppelklicker.de\/blog\/presse\/","og_locale":"de_DE","og_type":"article","og_title":"Presse","og_description":"Pressemitteilung einreichen f\u00fcr doppelklicker.de M\u00f6chten Sie eine Pressemitteilungen einreichen oder redaktionelle Beitr\u00e4ge absprechen? Dann wenden Sie sich bitte an Marius Beilhammer: presse@schwarzer.de. Zusendungen per Post Bitte richten Sie Ihre Zuschriften an die folgende Adresse: Marius Beilhammer Redakteur Schwarzer.de Software + Internet GmbH Jakob-Anstatt-Stra\u00dfe 2 55130 Mainz Deutschland Richtlinien f\u00fcr Pressemitteilungen f\u00fcr Wir m\u00f6chten unseren LesernJetzt alles lesen","og_url":"https:\/\/www.doppelklicker.de\/blog\/presse\/","og_site_name":"Aus Mainz.","article_modified_time":"2020-03-11T15:12:55+00:00","twitter_card":"summary_large_image","twitter_misc":{"Gesch\u00e4tzte Lesezeit":"2 Minuten"},"schema":{"@context":"https:\/\/schema.org","@graph":[{"@type":"WebSite","@id":"https:\/\/www.doppelklicker.de\/blog\/#website","url":"https:\/\/www.doppelklicker.de\/blog\/","name":"Aus Mainz.","description":"F\u00fcr die Welt.","potentialAction":[{"@type":"SearchAction","target":{"@type":"EntryPoint","urlTemplate":"https:\/\/www.doppelklicker.de\/blog\/?s={search_term_string}"},"query-input":"required name=search_term_string"}],"inLanguage":"de-DE"},{"@type":"WebPage","@id":"https:\/\/www.doppelklicker.de\/blog\/presse\/#webpage","url":"https:\/\/www.doppelklicker.de\/blog\/presse\/","name":"Presse","isPartOf":{"@id":"https:\/\/www.doppelklicker.de\/blog\/#website"},"datePublished":"2020-03-11T15:12:30+00:00","dateModified":"2020-03-11T15:12:55+00:00","breadcrumb":{"@id":"https:\/\/www.doppelklicker.de\/blog\/presse\/#breadcrumb"},"inLanguage":"de-DE","potentialAction":[{"@type":"ReadAction","target":["https:\/\/www.doppelklicker.de\/blog\/presse\/"]}]},{"@type":"BreadcrumbList","@id":"https:\/\/www.doppelklicker.de\/blog\/presse\/#breadcrumb","itemListElement":[{"@type":"ListItem","position":1,"name":"Startseite","item":"https:\/\/www.doppelklicker.de\/blog\/"},{"@type":"ListItem","position":2,"name":"Presse"}]}]}},"_links":{"self":[{"href":"https:\/\/www.doppelklicker.de\/blog\/wp-json\/wp\/v2\/pages\/4761"}],"collection":[{"href":"https:\/\/www.doppelklicker.de\/blog\/wp-json\/wp\/v2\/pages"}],"about":[{"href":"https:\/\/www.doppelklicker.de\/blog\/wp-json\/wp\/v2\/types\/page"}],"author":[{"embeddable":true,"href":"https:\/\/www.doppelklicker.de\/blog\/wp-json\/wp\/v2\/users\/1"}],"replies":[{"embeddable":true,"href":"https:\/\/www.doppelklicker.de\/blog\/wp-json\/wp\/v2\/comments?post=4761"}],"version-history":[{"count":2,"href":"https:\/\/www.doppelklicker.de\/blog\/wp-json\/wp\/v2\/pages\/4761\/revisions"}],"predecessor-version":[{"id":4763,"href":"https:\/\/www.doppelklicker.de\/blog\/wp-json\/wp\/v2\/pages\/4761\/revisions\/4763"}],"wp:attachment":[{"href":"https:\/\/www.doppelklicker.de\/blog\/wp-json\/wp\/v2\/media?parent=4761"}],"curies":[{"name":"wp","href":"https:\/\/api.w.org\/{rel}","templated":true}]}}