{"id":8213,"date":"2024-06-17T08:00:03","date_gmt":"2024-06-17T06:00:03","guid":{"rendered":"https:\/\/www.doppelklicker.de\/blog\/?page_id=8213"},"modified":"2024-06-17T14:30:10","modified_gmt":"2024-06-17T12:30:10","slug":"anfahrtsskizze-pdf","status":"publish","type":"page","link":"https:\/\/www.doppelklicker.de\/blog\/anfahrtsskizze-pdf\/","title":{"rendered":"Anfahrtsskizze &#038; PDF"},"content":{"rendered":"<p>Die Schwarzer.de Software + Internet GmbH ist in der Jakob-Anstatt-Stra\u00dfe 2, 55130 Mainz ans\u00e4ssig. Sowohl mit dem Auto als auch mit \u00f6ffentlichen Verkehrsmitteln ist das Unternehmen sehr gut erreichbar. Eine <a href=\"https:\/\/www.doppelklicker.de\/assets\/gmbh\/anfahrtsskizze.pdf\">Anfahrtsskizze steht Ihnen auch als PDF-Download<\/a> zur Verf\u00fcgung. Dank der N\u00e4he zur Autobahn A60 erreichen Sie unser B\u00fcro schnell und bequem mit dem Auto.<\/p>\n<h3>Anfahrtsskizze per Pkw<\/h3>\n<p>Wenn Sie mit dem Pkw zur Schwarzer.de Software + Internet GmbH fahren, nutzen Sie die Autobahn A60 und folgen dieser Anleitung:<\/p>\n<ol>\n<li><strong>Autobahn A60<\/strong>: Fahren Sie auf der Autobahn A60 und nehmen Sie die Ausfahrt Weisenau\/Gro\u00dfberg in Richtung Mainz-Innenstadt.<\/li>\n<li><strong>Max-Hufschmidt-Stra\u00dfe<\/strong>: Folgen Sie nach der Ausfahrt der Max-Hufschmidt-Stra\u00dfe f\u00fcr etwa 200 Meter.<\/li>\n<li><strong>Weber-Stra\u00dfe<\/strong>: Biegen Sie rechts in die Weber-Stra\u00dfe ab und folgen Sie dieser f\u00fcr weitere 200 Meter.<\/li>\n<li><strong>Jakob-Anstatt-Stra\u00dfe<\/strong>: Biegen Sie zweimal rechts ab in die Jakob-Anstatt-Stra\u00dfe.<\/li>\n<\/ol>\n<p>Die Schwarzer.de Software + Internet GmbH befindet sich auf der rechten Seite.<\/p>\n<p>Die A60 ist eine wichtige Verkehrsachse in der Region und erm\u00f6glicht eine z\u00fcgige Anreise aus verschiedenen Richtungen. Wenn Sie aus dem S\u00fcden kommen, nehmen Sie die A61 zur A60 und nutzen die Ausfahrt Weisenau\/Gro\u00dfberg. Auch aus \u00f6stlicher Richtung, etwa aus Frankfurt oder Wiesbaden, ist die A60 leicht erreichbar.<\/p>\n<p>F\u00fcr Navigationsger\u00e4te geben Sie am besten die vollst\u00e4ndige Adresse <strong>&#8222;Jakob-Anstatt-Stra\u00dfe 2, 55130 Mainz&#8220;<\/strong> ein. Direkt vor dem B\u00fcrogeb\u00e4ude gibt es ausreichend Parkm\u00f6glichkeiten, und nur drei Gehminuten entfernt befindet sich ein gro\u00dfer Parkplatz beim Bristol Hotel.<\/p>\n<h3>Anfahrtsskizze mit Bahn und Bus<\/h3>\n<p>Die Anreise mit \u00f6ffentlichen Verkehrsmitteln zur Schwarzer.de Software + Internet GmbH ist ebenfalls einfach und gut organisiert. Folgen Sie dieser Wegbeschreibung f\u00fcr eine stressfreie Anreise:<\/p>\n<ol>\n<li><strong>Anreise mit der Bahn<\/strong>: Reisen Sie mit dem Zug bis zum Hauptbahnhof Mainz, einem zentralen Knotenpunkt mit zahlreichen Regional- und Fernverbindungen.<\/li>\n<li><strong>Weiterfahrt mit dem Bus<\/strong>: Nehmen Sie vom Hauptbahnhof Mainz den Bus der Linie 62 in Richtung Laubenheim. Diese Buslinie verkehrt regelm\u00e4\u00dfig und schnell.<\/li>\n<li><strong>Haltestelle Friedrich-Ebert-Stra\u00dfe<\/strong>: Steigen Sie an der Haltestelle Friedrich-Ebert-Stra\u00dfe aus, direkt gegen\u00fcber der Schwarzer.de Software + Internet GmbH.<\/li>\n<\/ol>\n<p>Von Frankfurt am Main erreichen Sie Mainz in etwa 30 Minuten mit dem Regionalexpress. Auch aus anderen gro\u00dfen St\u00e4dten wie K\u00f6ln, Mannheim oder Stuttgart bestehen direkte Zugverbindungen nach Mainz.<\/p>\n<p>Sobald Sie am Hauptbahnhof Mainz angekommen sind, finden Sie die Bushaltestelle direkt vor dem Haupteingang. Die Busse der Linie 62 fahren regelm\u00e4\u00dfig und bringen Sie innerhalb von etwa 15 Minuten zur Jakob-Anstatt-Stra\u00dfe.<\/p>\n","protected":false},"excerpt":{"rendered":"<p>Die Schwarzer.de Software + Internet GmbH ist in der Jakob-Anstatt-Stra\u00dfe 2, 55130 Mainz ans\u00e4ssig. Sowohl mit dem Auto als auch mit \u00f6ffentlichen Verkehrsmitteln ist das Unternehmen sehr gut erreichbar. Eine Anfahrtsskizze steht Ihnen auch als PDF-Download zur Verf\u00fcgung. Dank der N\u00e4he zur Autobahn A60 erreichen Sie unser B\u00fcro schnell und bequem mit dem Auto. Anfahrtsskizze<\/p>\n<div class=\"read-more\"><a href=\"https:\/\/www.doppelklicker.de\/blog\/anfahrtsskizze-pdf\/\" title=\"Jetzt alles lesen\">Jetzt alles lesen<\/a><\/div>\n","protected":false},"author":1,"featured_media":8218,"parent":0,"menu_order":0,"comment_status":"closed","ping_status":"closed","template":"","meta":[],"yoast_head":"<!-- This site is optimized with the Yoast SEO plugin v18.2 - https:\/\/yoast.com\/wordpress\/plugins\/seo\/ -->\n<meta name=\"robots\" content=\"index, follow, max-snippet:-1, max-image-preview:large, max-video-preview:-1\" \/>\n<link rel=\"canonical\" href=\"https:\/\/www.doppelklicker.de\/blog\/anfahrtsskizze-pdf\/\" \/>\n<meta property=\"og:locale\" content=\"de_DE\" \/>\n<meta property=\"og:type\" content=\"article\" \/>\n<meta property=\"og:title\" content=\"Anfahrtsskizze &amp; PDF\" \/>\n<meta property=\"og:description\" content=\"Die Schwarzer.de Software + Internet GmbH ist in der Jakob-Anstatt-Stra\u00dfe 2, 55130 Mainz ans\u00e4ssig. Sowohl mit dem Auto als auch mit \u00f6ffentlichen Verkehrsmitteln ist das Unternehmen sehr gut erreichbar. Eine Anfahrtsskizze steht Ihnen auch als PDF-Download zur Verf\u00fcgung. Dank der N\u00e4he zur Autobahn A60 erreichen Sie unser B\u00fcro schnell und bequem mit dem Auto. AnfahrtsskizzeJetzt alles lesen\" \/>\n<meta property=\"og:url\" content=\"https:\/\/www.doppelklicker.de\/blog\/anfahrtsskizze-pdf\/\" \/>\n<meta property=\"og:site_name\" content=\"Aus Mainz.\" \/>\n<meta property=\"article:modified_time\" content=\"2024-06-17T12:30:10+00:00\" \/>\n<meta property=\"og:image\" content=\"https:\/\/www.doppelklicker.de\/blog\/wp-content\/uploads\/2024\/06\/anfahrtsskizze-pdf.jpg\" \/>\n\t<meta property=\"og:image:width\" content=\"1275\" \/>\n\t<meta property=\"og:image:height\" content=\"430\" \/>\n\t<meta property=\"og:image:type\" content=\"image\/jpeg\" \/>\n<meta name=\"twitter:card\" content=\"summary_large_image\" \/>\n<meta name=\"twitter:label1\" content=\"Gesch\u00e4tzte Lesezeit\" \/>\n\t<meta name=\"twitter:data1\" content=\"2 Minuten\" \/>\n<script type=\"application\/ld+json\" class=\"yoast-schema-graph\">{\"@context\":\"https:\/\/schema.org\",\"@graph\":[{\"@type\":\"WebSite\",\"@id\":\"https:\/\/www.doppelklicker.de\/blog\/#website\",\"url\":\"https:\/\/www.doppelklicker.de\/blog\/\",\"name\":\"Aus Mainz.\",\"description\":\"F\u00fcr die Welt.\",\"potentialAction\":[{\"@type\":\"SearchAction\",\"target\":{\"@type\":\"EntryPoint\",\"urlTemplate\":\"https:\/\/www.doppelklicker.de\/blog\/?s={search_term_string}\"},\"query-input\":\"required name=search_term_string\"}],\"inLanguage\":\"de-DE\"},{\"@type\":\"ImageObject\",\"@id\":\"https:\/\/www.doppelklicker.de\/blog\/anfahrtsskizze-pdf\/#primaryimage\",\"inLanguage\":\"de-DE\",\"url\":\"https:\/\/www.doppelklicker.de\/blog\/wp-content\/uploads\/2024\/06\/anfahrtsskizze-pdf.jpg\",\"contentUrl\":\"https:\/\/www.doppelklicker.de\/blog\/wp-content\/uploads\/2024\/06\/anfahrtsskizze-pdf.jpg\",\"width\":1275,\"height\":430,\"caption\":\"Anfahrtsskizze & PDF (schwarzer.de)\"},{\"@type\":\"WebPage\",\"@id\":\"https:\/\/www.doppelklicker.de\/blog\/anfahrtsskizze-pdf\/#webpage\",\"url\":\"https:\/\/www.doppelklicker.de\/blog\/anfahrtsskizze-pdf\/\",\"name\":\"Anfahrtsskizze & PDF\",\"isPartOf\":{\"@id\":\"https:\/\/www.doppelklicker.de\/blog\/#website\"},\"primaryImageOfPage\":{\"@id\":\"https:\/\/www.doppelklicker.de\/blog\/anfahrtsskizze-pdf\/#primaryimage\"},\"datePublished\":\"2024-06-17T06:00:03+00:00\",\"dateModified\":\"2024-06-17T12:30:10+00:00\",\"breadcrumb\":{\"@id\":\"https:\/\/www.doppelklicker.de\/blog\/anfahrtsskizze-pdf\/#breadcrumb\"},\"inLanguage\":\"de-DE\",\"potentialAction\":[{\"@type\":\"ReadAction\",\"target\":[\"https:\/\/www.doppelklicker.de\/blog\/anfahrtsskizze-pdf\/\"]}]},{\"@type\":\"BreadcrumbList\",\"@id\":\"https:\/\/www.doppelklicker.de\/blog\/anfahrtsskizze-pdf\/#breadcrumb\",\"itemListElement\":[{\"@type\":\"ListItem\",\"position\":1,\"name\":\"Startseite\",\"item\":\"https:\/\/www.doppelklicker.de\/blog\/\"},{\"@type\":\"ListItem\",\"position\":2,\"name\":\"Anfahrtsskizze &#038; PDF\"}]}]}<\/script>\n<!-- \/ Yoast SEO plugin. -->","yoast_head_json":{"robots":{"index":"index","follow":"follow","max-snippet":"max-snippet:-1","max-image-preview":"max-image-preview:large","max-video-preview":"max-video-preview:-1"},"canonical":"https:\/\/www.doppelklicker.de\/blog\/anfahrtsskizze-pdf\/","og_locale":"de_DE","og_type":"article","og_title":"Anfahrtsskizze & PDF","og_description":"Die Schwarzer.de Software + Internet GmbH ist in der Jakob-Anstatt-Stra\u00dfe 2, 55130 Mainz ans\u00e4ssig. Sowohl mit dem Auto als auch mit \u00f6ffentlichen Verkehrsmitteln ist das Unternehmen sehr gut erreichbar. Eine Anfahrtsskizze steht Ihnen auch als PDF-Download zur Verf\u00fcgung. Dank der N\u00e4he zur Autobahn A60 erreichen Sie unser B\u00fcro schnell und bequem mit dem Auto. AnfahrtsskizzeJetzt alles lesen","og_url":"https:\/\/www.doppelklicker.de\/blog\/anfahrtsskizze-pdf\/","og_site_name":"Aus Mainz.","article_modified_time":"2024-06-17T12:30:10+00:00","og_image":[{"width":1275,"height":430,"url":"https:\/\/www.doppelklicker.de\/blog\/wp-content\/uploads\/2024\/06\/anfahrtsskizze-pdf.jpg","type":"image\/jpeg"}],"twitter_card":"summary_large_image","twitter_misc":{"Gesch\u00e4tzte Lesezeit":"2 Minuten"},"schema":{"@context":"https:\/\/schema.org","@graph":[{"@type":"WebSite","@id":"https:\/\/www.doppelklicker.de\/blog\/#website","url":"https:\/\/www.doppelklicker.de\/blog\/","name":"Aus Mainz.","description":"F\u00fcr die Welt.","potentialAction":[{"@type":"SearchAction","target":{"@type":"EntryPoint","urlTemplate":"https:\/\/www.doppelklicker.de\/blog\/?s={search_term_string}"},"query-input":"required name=search_term_string"}],"inLanguage":"de-DE"},{"@type":"ImageObject","@id":"https:\/\/www.doppelklicker.de\/blog\/anfahrtsskizze-pdf\/#primaryimage","inLanguage":"de-DE","url":"https:\/\/www.doppelklicker.de\/blog\/wp-content\/uploads\/2024\/06\/anfahrtsskizze-pdf.jpg","contentUrl":"https:\/\/www.doppelklicker.de\/blog\/wp-content\/uploads\/2024\/06\/anfahrtsskizze-pdf.jpg","width":1275,"height":430,"caption":"Anfahrtsskizze & PDF (schwarzer.de)"},{"@type":"WebPage","@id":"https:\/\/www.doppelklicker.de\/blog\/anfahrtsskizze-pdf\/#webpage","url":"https:\/\/www.doppelklicker.de\/blog\/anfahrtsskizze-pdf\/","name":"Anfahrtsskizze & PDF","isPartOf":{"@id":"https:\/\/www.doppelklicker.de\/blog\/#website"},"primaryImageOfPage":{"@id":"https:\/\/www.doppelklicker.de\/blog\/anfahrtsskizze-pdf\/#primaryimage"},"datePublished":"2024-06-17T06:00:03+00:00","dateModified":"2024-06-17T12:30:10+00:00","breadcrumb":{"@id":"https:\/\/www.doppelklicker.de\/blog\/anfahrtsskizze-pdf\/#breadcrumb"},"inLanguage":"de-DE","potentialAction":[{"@type":"ReadAction","target":["https:\/\/www.doppelklicker.de\/blog\/anfahrtsskizze-pdf\/"]}]},{"@type":"BreadcrumbList","@id":"https:\/\/www.doppelklicker.de\/blog\/anfahrtsskizze-pdf\/#breadcrumb","itemListElement":[{"@type":"ListItem","position":1,"name":"Startseite","item":"https:\/\/www.doppelklicker.de\/blog\/"},{"@type":"ListItem","position":2,"name":"Anfahrtsskizze &#038; PDF"}]}]}},"_links":{"self":[{"href":"https:\/\/www.doppelklicker.de\/blog\/wp-json\/wp\/v2\/pages\/8213"}],"collection":[{"href":"https:\/\/www.doppelklicker.de\/blog\/wp-json\/wp\/v2\/pages"}],"about":[{"href":"https:\/\/www.doppelklicker.de\/blog\/wp-json\/wp\/v2\/types\/page"}],"author":[{"embeddable":true,"href":"https:\/\/www.doppelklicker.de\/blog\/wp-json\/wp\/v2\/users\/1"}],"replies":[{"embeddable":true,"href":"https:\/\/www.doppelklicker.de\/blog\/wp-json\/wp\/v2\/comments?post=8213"}],"version-history":[{"count":4,"href":"https:\/\/www.doppelklicker.de\/blog\/wp-json\/wp\/v2\/pages\/8213\/revisions"}],"predecessor-version":[{"id":8217,"href":"https:\/\/www.doppelklicker.de\/blog\/wp-json\/wp\/v2\/pages\/8213\/revisions\/8217"}],"wp:featuredmedia":[{"embeddable":true,"href":"https:\/\/www.doppelklicker.de\/blog\/wp-json\/wp\/v2\/media\/8218"}],"wp:attachment":[{"href":"https:\/\/www.doppelklicker.de\/blog\/wp-json\/wp\/v2\/media?parent=8213"}],"curies":[{"name":"wp","href":"https:\/\/api.w.org\/{rel}","templated":true}]}}