{"id":8226,"date":"2024-06-17T08:00:18","date_gmt":"2024-06-17T06:00:18","guid":{"rendered":"https:\/\/www.doppelklicker.de\/blog\/?page_id=8226"},"modified":"2024-06-18T06:41:48","modified_gmt":"2024-06-18T04:41:48","slug":"wegbeschreibung-pdf","status":"publish","type":"page","link":"https:\/\/www.doppelklicker.de\/blog\/wegbeschreibung-pdf\/","title":{"rendered":"Wegbeschreibung &#038; PDF"},"content":{"rendered":"<p>Die Schwarzer.de Software + Internet GmbH hat ihren Firmensitz in der Jakob-Anstatt-Stra\u00dfe 2, 55130 Mainz, und ist sehr gut zu erreichen. Sie k\u00f6nnen die <a href=\"https:\/\/www.doppelklicker.de\/assets\/gmbh\/wegbeschreibung.pdf\">Wegbeschreibung als PDF herunterladen<\/a>. Dank der zentralen Lage in Mainz-Weisenau sind sowohl Anreisen mit dem Auto als auch mit \u00f6ffentlichen Verkehrsmitteln unkompliziert und komfortabel. Die N\u00e4he zur A60 erm\u00f6glicht eine schnelle Anreise aus dem gesamten Rhein-Main-Gebiet.<\/p>\n<h4>Anfahrt mit dem Auto<\/h4>\n<p>Bei Anreise mit dem Pkw nehmen Sie die Ausfahrt Weisenau\/Gro\u00dfberg auf der A60 in Richtung Mainz-Innenstadt. Folgen Sie der Max-Hufschmidt-Stra\u00dfe f\u00fcr etwa 200 Meter und biegen Sie dann rechts in die Weber-Stra\u00dfe ab. Folgen Sie der Weber-Stra\u00dfe f\u00fcr weitere 200 Meter und biegen Sie dann zweimal rechts ab, um in die Jakob-Anstatt-Stra\u00dfe zu gelangen. Die Schwarzer.de Software + Internet GmbH befindet sich auf der rechten Seite.<\/p>\n<ul class=\"numbered-box\">\n<li>\n<div><strong>Von Frankfurt kommend<\/strong>: Fahren Sie auf der A3 Richtung S\u00fcden und nehmen Sie am M\u00f6nchhof-Dreieck die Ausfahrt auf die A67 Richtung Mainz. Am R\u00fcsselsheimer Dreieck wechseln Sie auf die A60 in Richtung Mainz. Nehmen Sie die Ausfahrt Weisenau\/Gro\u00dfberg und folgen Sie der oben beschriebenen Route.<\/div>\n<\/li>\n<li>\n<div><strong>Von Wiesbaden kommend<\/strong>: Fahren Sie auf der A671 in Richtung Mainz und wechseln Sie am Mainspitz-Dreieck auf die A60 in Richtung Darmstadt\/Frankfurt. Nehmen Sie die Ausfahrt Weisenau\/Gro\u00dfberg und folgen Sie der Max-Hufschmidt-Stra\u00dfe, wie oben beschrieben.<\/div>\n<\/li>\n<li>\n<div><strong>Von Darmstadt kommend<\/strong>: Fahren Sie auf der A67 Richtung Mainz und wechseln Sie am R\u00fcsselsheimer Dreieck auf die A60 Richtung Mainz. Nehmen Sie die Ausfahrt Weisenau\/Gro\u00dfberg und folgen Sie der oben beschriebenen Route.<\/div>\n<\/li>\n<li>\n<div><strong>Parkm\u00f6glichkeiten<\/strong>: In der Jakob-Anstatt-Stra\u00dfe und den angrenzenden Stra\u00dfen gibt es zahlreiche Parkpl\u00e4tze. Besucherparkpl\u00e4tze befinden sich direkt vor dem Geb\u00e4ude der Schwarzer.de Software + Internet GmbH.<\/div>\n<\/li>\n<\/ul>\n<p>Die Anreise mit dem Auto ist somit sehr einfach und zeitsparend. Die gute Anbindung an die Autobahn erm\u00f6glicht eine schnelle und bequeme Fahrt zum Firmensitz der Schwarzer.de Software + Internet GmbH.<\/p>\n<h4>Wegbeschreibung mit \u00f6ffentlichen Verkehrsmitteln<\/h4>\n<p>Die Anreise mit \u00f6ffentlichen Verkehrsmitteln ist ebenfalls komfortabel und einfach. Fahren Sie mit dem Zug bis zum Hauptbahnhof Mainz. Von dort haben Sie mehrere M\u00f6glichkeiten, um die Schwarzer.de Software + Internet GmbH zu erreichen.<\/p>\n<ul class=\"numbered-box\">\n<li>\n<div><strong>Mit der Buslinie 62<\/strong>: Verlassen Sie den Hauptbahnhof durch den Haupteingang und gehen Sie zur Bushaltestelle. Nehmen Sie die Buslinie 62 in Richtung Mainz-Laubenheim. Steigen Sie an der Endhaltestelle &#8222;Friedrich-Ebert-Stra\u00dfe&#8220; aus, die sich direkt gegen\u00fcber der Schwarzer.de Software + Internet GmbH befindet. Die Fahrzeit betr\u00e4gt etwa 20 Minuten.<\/div>\n<\/li>\n<li>\n<div>Alternativ k\u00f6nnen Sie auch die Stra\u00dfenbahnlinie 50 oder 51 bis zur Haltestelle &#8222;Schillerplatz&#8220; nehmen und dort in die Buslinie 62 umsteigen. Steigen Sie ebenfalls an der Endhaltestelle &#8222;Friedrich-Ebert-Stra\u00dfe&#8220; aus.<\/div>\n<\/li>\n<li>\n<div><strong>Mit der S-Bahn<\/strong>: Nehmen Sie die S-Bahn-Linie S8 bis zur Haltestelle &#8222;Mainz-R\u00f6misches Theater&#8220;. Von dort k\u00f6nnen Sie entweder die Buslinie 62 direkt zur &#8222;Friedrich-Ebert-Stra\u00dfe&#8220; nehmen oder einen kurzen Spaziergang zur Haltestelle &#8222;Holzturm&#8220; machen und dort in die Buslinie 62 umsteigen.<\/div>\n<\/li>\n<li>\n<div><strong>Mit der Regionalbahn<\/strong>: Nehmen Sie die Regionalbahn bis zur Haltestelle &#8222;Mainz R\u00f6misches Theater&#8220;. Von dort aus k\u00f6nnen Sie die Buslinie 62 nehmen, wie oben beschrieben.<\/div>\n<\/li>\n<p>Lange Wartezeiten gibt es nicht, die Buslinie 62 verkehrt regelm\u00e4\u00dfig. Die Haltestelle &#8222;Friedrich-Ebert-Stra\u00dfe&#8220; befindet sich direkt gegen\u00fcber der Schwarzer.de Software + Internet GmbH, nur noch \u00fcber die Stra\u00dfe gehen.<\/p>\n","protected":false},"excerpt":{"rendered":"<p>Die Schwarzer.de Software + Internet GmbH hat ihren Firmensitz in der Jakob-Anstatt-Stra\u00dfe 2, 55130 Mainz, und ist sehr gut zu erreichen. Sie k\u00f6nnen die Wegbeschreibung als PDF herunterladen. Dank der zentralen Lage in Mainz-Weisenau sind sowohl Anreisen mit dem Auto als auch mit \u00f6ffentlichen Verkehrsmitteln unkompliziert und komfortabel. Die N\u00e4he zur A60 erm\u00f6glicht eine schnelle<\/p>\n<div class=\"read-more\"><a href=\"https:\/\/www.doppelklicker.de\/blog\/wegbeschreibung-pdf\/\" title=\"Jetzt alles lesen\">Jetzt alles lesen<\/a><\/div>\n","protected":false},"author":1,"featured_media":8232,"parent":0,"menu_order":0,"comment_status":"closed","ping_status":"closed","template":"","meta":[],"yoast_head":"<!-- This site is optimized with the Yoast SEO plugin v18.2 - https:\/\/yoast.com\/wordpress\/plugins\/seo\/ -->\n<meta name=\"robots\" content=\"index, follow, max-snippet:-1, max-image-preview:large, max-video-preview:-1\" \/>\n<link rel=\"canonical\" href=\"https:\/\/www.doppelklicker.de\/blog\/wegbeschreibung-pdf\/\" \/>\n<meta property=\"og:locale\" content=\"de_DE\" \/>\n<meta property=\"og:type\" content=\"article\" \/>\n<meta property=\"og:title\" content=\"Wegbeschreibung &amp; PDF\" \/>\n<meta property=\"og:description\" content=\"Die Schwarzer.de Software + Internet GmbH hat ihren Firmensitz in der Jakob-Anstatt-Stra\u00dfe 2, 55130 Mainz, und ist sehr gut zu erreichen. Sie k\u00f6nnen die Wegbeschreibung als PDF herunterladen. Dank der zentralen Lage in Mainz-Weisenau sind sowohl Anreisen mit dem Auto als auch mit \u00f6ffentlichen Verkehrsmitteln unkompliziert und komfortabel. Die N\u00e4he zur A60 erm\u00f6glicht eine schnelleJetzt alles lesen\" \/>\n<meta property=\"og:url\" content=\"https:\/\/www.doppelklicker.de\/blog\/wegbeschreibung-pdf\/\" \/>\n<meta property=\"og:site_name\" content=\"Aus Mainz.\" \/>\n<meta property=\"article:modified_time\" content=\"2024-06-18T04:41:48+00:00\" \/>\n<meta property=\"og:image\" content=\"https:\/\/www.doppelklicker.de\/blog\/wp-content\/uploads\/2024\/06\/wegbeschreibung-pdf.jpg\" \/>\n\t<meta property=\"og:image:width\" content=\"1078\" \/>\n\t<meta property=\"og:image:height\" content=\"430\" \/>\n\t<meta property=\"og:image:type\" content=\"image\/jpeg\" \/>\n<meta name=\"twitter:card\" content=\"summary_large_image\" \/>\n<meta name=\"twitter:label1\" content=\"Gesch\u00e4tzte Lesezeit\" \/>\n\t<meta name=\"twitter:data1\" content=\"3 Minuten\" \/>\n<script type=\"application\/ld+json\" class=\"yoast-schema-graph\">{\"@context\":\"https:\/\/schema.org\",\"@graph\":[{\"@type\":\"WebSite\",\"@id\":\"https:\/\/www.doppelklicker.de\/blog\/#website\",\"url\":\"https:\/\/www.doppelklicker.de\/blog\/\",\"name\":\"Aus Mainz.\",\"description\":\"F\u00fcr die Welt.\",\"potentialAction\":[{\"@type\":\"SearchAction\",\"target\":{\"@type\":\"EntryPoint\",\"urlTemplate\":\"https:\/\/www.doppelklicker.de\/blog\/?s={search_term_string}\"},\"query-input\":\"required name=search_term_string\"}],\"inLanguage\":\"de-DE\"},{\"@type\":\"ImageObject\",\"@id\":\"https:\/\/www.doppelklicker.de\/blog\/wegbeschreibung-pdf\/#primaryimage\",\"inLanguage\":\"de-DE\",\"url\":\"https:\/\/www.doppelklicker.de\/blog\/wp-content\/uploads\/2024\/06\/wegbeschreibung-pdf.jpg\",\"contentUrl\":\"https:\/\/www.doppelklicker.de\/blog\/wp-content\/uploads\/2024\/06\/wegbeschreibung-pdf.jpg\",\"width\":1078,\"height\":430,\"caption\":\"Wegbeschreibung & PDF (schwarzer.de)\"},{\"@type\":\"WebPage\",\"@id\":\"https:\/\/www.doppelklicker.de\/blog\/wegbeschreibung-pdf\/#webpage\",\"url\":\"https:\/\/www.doppelklicker.de\/blog\/wegbeschreibung-pdf\/\",\"name\":\"Wegbeschreibung & PDF\",\"isPartOf\":{\"@id\":\"https:\/\/www.doppelklicker.de\/blog\/#website\"},\"primaryImageOfPage\":{\"@id\":\"https:\/\/www.doppelklicker.de\/blog\/wegbeschreibung-pdf\/#primaryimage\"},\"datePublished\":\"2024-06-17T06:00:18+00:00\",\"dateModified\":\"2024-06-18T04:41:48+00:00\",\"breadcrumb\":{\"@id\":\"https:\/\/www.doppelklicker.de\/blog\/wegbeschreibung-pdf\/#breadcrumb\"},\"inLanguage\":\"de-DE\",\"potentialAction\":[{\"@type\":\"ReadAction\",\"target\":[\"https:\/\/www.doppelklicker.de\/blog\/wegbeschreibung-pdf\/\"]}]},{\"@type\":\"BreadcrumbList\",\"@id\":\"https:\/\/www.doppelklicker.de\/blog\/wegbeschreibung-pdf\/#breadcrumb\",\"itemListElement\":[{\"@type\":\"ListItem\",\"position\":1,\"name\":\"Startseite\",\"item\":\"https:\/\/www.doppelklicker.de\/blog\/\"},{\"@type\":\"ListItem\",\"position\":2,\"name\":\"Wegbeschreibung &#038; PDF\"}]}]}<\/script>\n<!-- \/ Yoast SEO plugin. -->","yoast_head_json":{"robots":{"index":"index","follow":"follow","max-snippet":"max-snippet:-1","max-image-preview":"max-image-preview:large","max-video-preview":"max-video-preview:-1"},"canonical":"https:\/\/www.doppelklicker.de\/blog\/wegbeschreibung-pdf\/","og_locale":"de_DE","og_type":"article","og_title":"Wegbeschreibung & PDF","og_description":"Die Schwarzer.de Software + Internet GmbH hat ihren Firmensitz in der Jakob-Anstatt-Stra\u00dfe 2, 55130 Mainz, und ist sehr gut zu erreichen. Sie k\u00f6nnen die Wegbeschreibung als PDF herunterladen. Dank der zentralen Lage in Mainz-Weisenau sind sowohl Anreisen mit dem Auto als auch mit \u00f6ffentlichen Verkehrsmitteln unkompliziert und komfortabel. Die N\u00e4he zur A60 erm\u00f6glicht eine schnelleJetzt alles lesen","og_url":"https:\/\/www.doppelklicker.de\/blog\/wegbeschreibung-pdf\/","og_site_name":"Aus Mainz.","article_modified_time":"2024-06-18T04:41:48+00:00","og_image":[{"width":1078,"height":430,"url":"https:\/\/www.doppelklicker.de\/blog\/wp-content\/uploads\/2024\/06\/wegbeschreibung-pdf.jpg","type":"image\/jpeg"}],"twitter_card":"summary_large_image","twitter_misc":{"Gesch\u00e4tzte Lesezeit":"3 Minuten"},"schema":{"@context":"https:\/\/schema.org","@graph":[{"@type":"WebSite","@id":"https:\/\/www.doppelklicker.de\/blog\/#website","url":"https:\/\/www.doppelklicker.de\/blog\/","name":"Aus Mainz.","description":"F\u00fcr die Welt.","potentialAction":[{"@type":"SearchAction","target":{"@type":"EntryPoint","urlTemplate":"https:\/\/www.doppelklicker.de\/blog\/?s={search_term_string}"},"query-input":"required name=search_term_string"}],"inLanguage":"de-DE"},{"@type":"ImageObject","@id":"https:\/\/www.doppelklicker.de\/blog\/wegbeschreibung-pdf\/#primaryimage","inLanguage":"de-DE","url":"https:\/\/www.doppelklicker.de\/blog\/wp-content\/uploads\/2024\/06\/wegbeschreibung-pdf.jpg","contentUrl":"https:\/\/www.doppelklicker.de\/blog\/wp-content\/uploads\/2024\/06\/wegbeschreibung-pdf.jpg","width":1078,"height":430,"caption":"Wegbeschreibung & PDF (schwarzer.de)"},{"@type":"WebPage","@id":"https:\/\/www.doppelklicker.de\/blog\/wegbeschreibung-pdf\/#webpage","url":"https:\/\/www.doppelklicker.de\/blog\/wegbeschreibung-pdf\/","name":"Wegbeschreibung & PDF","isPartOf":{"@id":"https:\/\/www.doppelklicker.de\/blog\/#website"},"primaryImageOfPage":{"@id":"https:\/\/www.doppelklicker.de\/blog\/wegbeschreibung-pdf\/#primaryimage"},"datePublished":"2024-06-17T06:00:18+00:00","dateModified":"2024-06-18T04:41:48+00:00","breadcrumb":{"@id":"https:\/\/www.doppelklicker.de\/blog\/wegbeschreibung-pdf\/#breadcrumb"},"inLanguage":"de-DE","potentialAction":[{"@type":"ReadAction","target":["https:\/\/www.doppelklicker.de\/blog\/wegbeschreibung-pdf\/"]}]},{"@type":"BreadcrumbList","@id":"https:\/\/www.doppelklicker.de\/blog\/wegbeschreibung-pdf\/#breadcrumb","itemListElement":[{"@type":"ListItem","position":1,"name":"Startseite","item":"https:\/\/www.doppelklicker.de\/blog\/"},{"@type":"ListItem","position":2,"name":"Wegbeschreibung &#038; PDF"}]}]}},"_links":{"self":[{"href":"https:\/\/www.doppelklicker.de\/blog\/wp-json\/wp\/v2\/pages\/8226"}],"collection":[{"href":"https:\/\/www.doppelklicker.de\/blog\/wp-json\/wp\/v2\/pages"}],"about":[{"href":"https:\/\/www.doppelklicker.de\/blog\/wp-json\/wp\/v2\/types\/page"}],"author":[{"embeddable":true,"href":"https:\/\/www.doppelklicker.de\/blog\/wp-json\/wp\/v2\/users\/1"}],"replies":[{"embeddable":true,"href":"https:\/\/www.doppelklicker.de\/blog\/wp-json\/wp\/v2\/comments?post=8226"}],"version-history":[{"count":8,"href":"https:\/\/www.doppelklicker.de\/blog\/wp-json\/wp\/v2\/pages\/8226\/revisions"}],"predecessor-version":[{"id":8235,"href":"https:\/\/www.doppelklicker.de\/blog\/wp-json\/wp\/v2\/pages\/8226\/revisions\/8235"}],"wp:featuredmedia":[{"embeddable":true,"href":"https:\/\/www.doppelklicker.de\/blog\/wp-json\/wp\/v2\/media\/8232"}],"wp:attachment":[{"href":"https:\/\/www.doppelklicker.de\/blog\/wp-json\/wp\/v2\/media?parent=8226"}],"curies":[{"name":"wp","href":"https:\/\/api.w.org\/{rel}","templated":true}]}}